{"id":1119,"date":"2024-05-21T08:41:07","date_gmt":"2024-05-21T08:41:07","guid":{"rendered":"https:\/\/arbortech-erasmus.eu\/bulletiny"},"modified":"2024-10-10T08:37:13","modified_gmt":"2024-10-10T08:37:13","slug":"bulletiny","status":"publish","type":"page","link":"https:\/\/arbortech-erasmus.eu\/sk\/bulletiny","title":{"rendered":"Bulletiny"},"content":{"rendered":"\t\t<div data-elementor-type=\"wp-page\" data-elementor-id=\"1119\" class=\"elementor elementor-1119 elementor-1092\" data-elementor-post-type=\"page\">\n\t\t\t\t<div data-dce-background-color=\"#F2EED3\" data-dce-background-overlay-color=\"#F2EED3\" data-dce-background-image-url=\"https:\/\/arbortech-erasmus.eu\/wp-content\/uploads\/2024\/05\/pexels-johannes-plenio-1423600-scaled-1.jpg\" class=\"elementor-element elementor-element-7e2f7b1 e-flex e-con-boxed e-con e-parent\" data-id=\"7e2f7b1\" data-element_type=\"container\" data-settings=\"{&quot;background_background&quot;:&quot;classic&quot;,&quot;shape_divider_bottom&quot;:&quot;mountains&quot;}\">\n\t\t\t\t\t<div class=\"e-con-inner\">\n\t\t\t\t<div class=\"elementor-shape elementor-shape-bottom\" data-negative=\"false\">\n\t\t\t<svg xmlns=\"http:\/\/www.w3.org\/2000\/svg\" viewBox=\"0 0 1000 100\" preserveAspectRatio=\"none\">\n\t<path class=\"elementor-shape-fill\" opacity=\"0.33\" d=\"M473,67.3c-203.9,88.3-263.1-34-320.3,0C66,119.1,0,59.7,0,59.7V0h1000v59.7 c0,0-62.1,26.1-94.9,29.3c-32.8,3.3-62.8-12.3-75.8-22.1C806,49.6,745.3,8.7,694.9,4.7S492.4,59,473,67.3z\"\/>\n\t<path class=\"elementor-shape-fill\" opacity=\"0.66\" d=\"M734,67.3c-45.5,0-77.2-23.2-129.1-39.1c-28.6-8.7-150.3-10.1-254,39.1 s-91.7-34.4-149.2,0C115.7,118.3,0,39.8,0,39.8V0h1000v36.5c0,0-28.2-18.5-92.1-18.5C810.2,18.1,775.7,67.3,734,67.3z\"\/>\n\t<path class=\"elementor-shape-fill\" d=\"M766.1,28.9c-200-57.5-266,65.5-395.1,19.5C242,1.8,242,5.4,184.8,20.6C128,35.8,132.3,44.9,89.9,52.5C28.6,63.7,0,0,0,0 h1000c0,0-9.9,40.9-83.6,48.1S829.6,47,766.1,28.9z\"\/>\n<\/svg>\t\t<\/div>\n\t\t\t\t<div class=\"elementor-element elementor-element-8441718 elementor-widget__width-initial elementor-widget elementor-widget-heading\" data-id=\"8441718\" data-element_type=\"widget\" data-widget_type=\"heading.default\">\n\t\t\t\t<div class=\"elementor-widget-container\">\n\t\t\t<h2 class=\"elementor-heading-title elementor-size-default\">ArborTech <span>Bulletiny<\/span><\/h2>\t\t<\/div>\n\t\t\t\t<\/div>\n\t\t\t\t\t<\/div>\n\t\t\t\t<\/div>\n\t\t<div data-dce-background-color=\"#F2EED3\" class=\"elementor-element elementor-element-07ec09b e-flex e-con-boxed e-con e-parent\" data-id=\"07ec09b\" data-element_type=\"container\" data-settings=\"{&quot;background_background&quot;:&quot;classic&quot;}\">\n\t\t\t\t\t<div class=\"e-con-inner\">\n\t\t<div class=\"elementor-element elementor-element-182cd2a e-con-full e-flex e-con e-child\" data-id=\"182cd2a\" data-element_type=\"container\" data-settings=\"{&quot;background_background&quot;:&quot;classic&quot;}\">\n\t\t\t\t<div class=\"elementor-element elementor-element-4c3dcad elementor-widget elementor-widget-heading\" data-id=\"4c3dcad\" data-element_type=\"widget\" data-widget_type=\"heading.default\">\n\t\t\t\t<div class=\"elementor-widget-container\">\n\t\t\t<h3 class=\"elementor-heading-title elementor-size-default\">Janu\u00e1r 2022<\/h3>\t\t<\/div>\n\t\t\t\t<\/div>\n\t\t\t\t<div class=\"elementor-element elementor-element-c37cb92 elementor-widget elementor-widget-text-editor\" data-id=\"c37cb92\" data-element_type=\"widget\" data-widget_type=\"text-editor.default\">\n\t\t\t\t<div class=\"elementor-widget-container\">\n\t\t\t\t\t\t\t<p>Cie\u013eom projektu ArborTech Erasmus+ je poskytn\u00fa\u0165 profesion\u00e1lny pr\u00edstup k modern\u00fdm po\u017eiadavk\u00e1m mestskej zelenej infra\u0161trukt\u00fary prostredn\u00edctvom odborn\u00e9ho vzdel\u00e1vania a pr\u00edpravy (EQF level 4) pre \u0161tudentov OVP. V\u00fdvoj a implement\u00e1cia nov\u00e9ho programu OVP \u201cArboristika pre z\u00e1hradk\u00e1rov\u201d v u\u017e existuj\u00facom form\u00e1lnom programe OVP v \u0161kol\u00e1ch, rozvoj vzdel\u00e1vacej platformy, fyzick\u00e9ho a virtu\u00e1lneho dendrologick\u00e9ho laborat\u00f3ria, propag\u00e1cia arboristiky a jej v\u00fdznamu. <\/p>\n\t\t\t\t\t\t<\/div>\n\t\t\t\t<\/div>\n\t\t\t\t<div class=\"elementor-element elementor-element-d71a10b elementor-align-center elementor-widget elementor-widget-button\" data-id=\"d71a10b\" data-element_type=\"widget\" data-widget_type=\"button.default\">\n\t\t\t\t<div class=\"elementor-widget-container\">\n\t\t\t\t\t\t\t<div class=\"elementor-button-wrapper\">\n\t\t\t\t\t<a class=\"elementor-button elementor-button-link elementor-size-sm\" href=\"https:\/\/arbortech-erasmus.eu\/sk\/en_arbortech_newsletter1_january-2024\" target=\"_blank\">\n\t\t\t\t\t\t<span class=\"elementor-button-content-wrapper\">\n\t\t\t\t\t\t<span class=\"elementor-button-icon\">\n\t\t\t\t<i aria-hidden=\"true\" class=\"fas fa-file-download\"><\/i>\t\t\t<\/span>\n\t\t\t\t\t\t\t\t\t<span class=\"elementor-button-text\">Stiahnite si PDF<\/span>\n\t\t\t\t\t<\/span>\n\t\t\t\t\t<\/a>\n\t\t\t\t<\/div>\n\t\t\t\t\t\t<\/div>\n\t\t\t\t<\/div>\n\t\t\t\t<\/div>\n\t\t<div class=\"elementor-element elementor-element-800a23c e-con-full e-flex e-con e-child\" data-id=\"800a23c\" data-element_type=\"container\" data-settings=\"{&quot;background_background&quot;:&quot;classic&quot;}\">\n\t\t\t\t<div class=\"elementor-element elementor-element-4897ed9 elementor-widget elementor-widget-heading\" data-id=\"4897ed9\" data-element_type=\"widget\" data-widget_type=\"heading.default\">\n\t\t\t\t<div class=\"elementor-widget-container\">\n\t\t\t<h3 class=\"elementor-heading-title elementor-size-default\">November 2022<\/h3>\t\t<\/div>\n\t\t\t\t<\/div>\n\t\t\t\t<div class=\"elementor-element elementor-element-665dcf4 elementor-widget elementor-widget-text-editor\" data-id=\"665dcf4\" data-element_type=\"widget\" data-widget_type=\"text-editor.default\">\n\t\t\t\t<div class=\"elementor-widget-container\">\n\t\t\t\t\t\t\t<p>Pod\u013ea \u00fadajov Eurostatu a OECD \u017eije 72 % obyvate\u013eov E\u00da v mestsk\u00fdch oblastiach. V\u00fdsledky poukazuj\u00fa na neust\u00e1ly rast miest a hustoty obyvate\u013estva, ako aj na mestsk\u00fa transform\u00e1ciu, najm\u00e4 v krajin\u00e1ch E\u00da, v d\u00f4sledku komercializ\u00e1cie a zahus\u0165ovania mestsk\u00fdch oblast\u00ed a roz\u0161irovania zastavan\u00fdch pl\u00f4ch, ktor\u00e9 po\u017eieraj\u00fa zelen\u00e9 plochy. k rozpojeniu medzi \u013eu\u010fmi a pr\u00edrodou. <\/p>\n\t\t\t\t\t\t<\/div>\n\t\t\t\t<\/div>\n\t\t\t\t<div class=\"elementor-element elementor-element-70f8e71 elementor-align-center elementor-widget elementor-widget-button\" data-id=\"70f8e71\" data-element_type=\"widget\" data-widget_type=\"button.default\">\n\t\t\t\t<div class=\"elementor-widget-container\">\n\t\t\t\t\t\t\t<div class=\"elementor-button-wrapper\">\n\t\t\t\t\t<a class=\"elementor-button elementor-button-link elementor-size-sm\" href=\"https:\/\/arbortech-erasmus.eu\/sk\/en_arbortech_newsletter2_november-2022\" target=\"_blank\">\n\t\t\t\t\t\t<span class=\"elementor-button-content-wrapper\">\n\t\t\t\t\t\t<span class=\"elementor-button-icon\">\n\t\t\t\t<i aria-hidden=\"true\" class=\"fas fa-file-download\"><\/i>\t\t\t<\/span>\n\t\t\t\t\t\t\t\t\t<span class=\"elementor-button-text\">Stiahnite si PDF<\/span>\n\t\t\t\t\t<\/span>\n\t\t\t\t\t<\/a>\n\t\t\t\t<\/div>\n\t\t\t\t\t\t<\/div>\n\t\t\t\t<\/div>\n\t\t\t\t<\/div>\n\t\t<div class=\"elementor-element elementor-element-12db422 e-con-full e-flex e-con e-child\" data-id=\"12db422\" data-element_type=\"container\" data-settings=\"{&quot;background_background&quot;:&quot;classic&quot;}\">\n\t\t\t\t<div class=\"elementor-element elementor-element-12196b1 elementor-widget elementor-widget-heading\" data-id=\"12196b1\" data-element_type=\"widget\" data-widget_type=\"heading.default\">\n\t\t\t\t<div class=\"elementor-widget-container\">\n\t\t\t<h3 class=\"elementor-heading-title elementor-size-default\">November 2023<\/h3>\t\t<\/div>\n\t\t\t\t<\/div>\n\t\t\t\t<div class=\"elementor-element elementor-element-91b2892 elementor-widget elementor-widget-text-editor\" data-id=\"91b2892\" data-element_type=\"widget\" data-widget_type=\"text-editor.default\">\n\t\t\t\t<div class=\"elementor-widget-container\">\n\t\t\t\t\t\t\t<p>V novembri 2023 prebehlo \u0161kolenie u\u010dite\u013eov v Arbor\u00e9te Vol\u010dji Potok v Slovinsku. V dne\u0161nom vzdel\u00e1vacom prostred\u00ed je efekt\u00edvna implement\u00e1cia programov OVP nevyhnutn\u00e1. Vynik\u00e1 program \u201cArboristika pre z\u00e1hradk\u00e1rov\u201d, ktor\u00fd sa zaober\u00e1 environment\u00e1lnymi probl\u00e9mami a dopytom po kvalifikovan\u00fdch odborn\u00edkoch v oblasti \u2212arboristiky na spr\u00e1vu mestsk\u00fdch zelen\u00fdch pl\u00f4ch.  <\/p>\n\t\t\t\t\t\t<\/div>\n\t\t\t\t<\/div>\n\t\t\t\t<div class=\"elementor-element elementor-element-f499a8e elementor-align-center elementor-widget elementor-widget-button\" data-id=\"f499a8e\" data-element_type=\"widget\" data-widget_type=\"button.default\">\n\t\t\t\t<div class=\"elementor-widget-container\">\n\t\t\t\t\t\t\t<div class=\"elementor-button-wrapper\">\n\t\t\t\t\t<a class=\"elementor-button elementor-button-link elementor-size-sm\" href=\"https:\/\/arbortech-erasmus.eu\/sk\/en_arbortech_newsletter3_november-2023\" target=\"_blank\">\n\t\t\t\t\t\t<span class=\"elementor-button-content-wrapper\">\n\t\t\t\t\t\t<span class=\"elementor-button-icon\">\n\t\t\t\t<i aria-hidden=\"true\" class=\"fas fa-file-download\"><\/i>\t\t\t<\/span>\n\t\t\t\t\t\t\t\t\t<span class=\"elementor-button-text\">Stiahnite si PDF<\/span>\n\t\t\t\t\t<\/span>\n\t\t\t\t\t<\/a>\n\t\t\t\t<\/div>\n\t\t\t\t\t\t<\/div>\n\t\t\t\t<\/div>\n\t\t\t\t<\/div>\n\t\t<div class=\"elementor-element elementor-element-a2d933f e-con-full e-flex e-con e-child\" data-id=\"a2d933f\" data-element_type=\"container\" data-settings=\"{&quot;background_background&quot;:&quot;classic&quot;}\">\n\t\t\t\t<div class=\"elementor-element elementor-element-124b40a elementor-widget elementor-widget-heading\" data-id=\"124b40a\" data-element_type=\"widget\" data-widget_type=\"heading.default\">\n\t\t\t\t<div class=\"elementor-widget-container\">\n\t\t\t<h3 class=\"elementor-heading-title elementor-size-default\">J\u00fana 2024<\/h3>\t\t<\/div>\n\t\t\t\t<\/div>\n\t\t\t\t<div class=\"elementor-element elementor-element-0692f76 elementor-widget elementor-widget-text-editor\" data-id=\"0692f76\" data-element_type=\"widget\" data-widget_type=\"text-editor.default\">\n\t\t\t\t<div class=\"elementor-widget-container\">\n\t\t\t\t\t\t\t<p>Prv\u00fdm krokom v arboristike je spozn\u00e1vanie r\u00f4znych druhov stromov a in\u00fdch okrasn\u00fdch drev\u00edn. Chceme, aby na\u0161i \u017eiaci a ostatn\u00ed \u00fa\u010dastn\u00edci vzdel\u00e1vania mali mo\u017enos\u0165 vidie\u0165 a dotkn\u00fa\u0165 sa konkr\u00e9tnych uk\u00e1\u017eok a \u010dast\u00ed drev\u00edn, ako s\u00fa kon\u00e1re, k\u00f4ra, semen\u00e1, plody, \u0161i\u0161ky a pod., aby c\u00edtili \u017eivicu ihli\u010dnanov a po\u010duli zvuk p\u00edniov\u00fdch orie\u0161kov pri zatrasen\u00ed, ako aj po\u010d\u00edta\u0165 jednoro\u010dn\u00e9 pr\u00edrastky kme\u0148a. <\/p>\n\t\t\t\t\t\t<\/div>\n\t\t\t\t<\/div>\n\t\t\t\t<div class=\"elementor-element elementor-element-92c7030 elementor-align-center elementor-widget elementor-widget-button\" data-id=\"92c7030\" data-element_type=\"widget\" data-widget_type=\"button.default\">\n\t\t\t\t<div class=\"elementor-widget-container\">\n\t\t\t\t\t\t\t<div class=\"elementor-button-wrapper\">\n\t\t\t\t\t<a class=\"elementor-button elementor-button-link elementor-size-sm\" href=\"https:\/\/arbortech-erasmus.eu\/sk\/en_newsletter_arbortech_june_2024\" target=\"_blank\">\n\t\t\t\t\t\t<span class=\"elementor-button-content-wrapper\">\n\t\t\t\t\t\t<span class=\"elementor-button-icon\">\n\t\t\t\t<i aria-hidden=\"true\" class=\"fas fa-file-download\"><\/i>\t\t\t<\/span>\n\t\t\t\t\t\t\t\t\t<span class=\"elementor-button-text\">Stiahnite si PDF<\/span>\n\t\t\t\t\t<\/span>\n\t\t\t\t\t<\/a>\n\t\t\t\t<\/div>\n\t\t\t\t\t\t<\/div>\n\t\t\t\t<\/div>\n\t\t\t\t<\/div>\n\t\t\t\t\t<\/div>\n\t\t\t\t<\/div>\n\t\t\t\t<\/div>\n\t\t","protected":false},"excerpt":{"rendered":"<p>ArborTech Bulletiny Janu\u00e1r 2022 Cie\u013eom projektu ArborTech Erasmus+ je poskytn\u00fa\u0165 profesion\u00e1lny pr\u00edstup k modern\u00fdm po\u017eiadavk\u00e1m mestskej zelenej infra\u0161trukt\u00fary prostredn\u00edctvom odborn\u00e9ho vzdel\u00e1vania a pr\u00edpravy (EQF level 4) pre \u0161tudentov OVP. V\u00fdvoj a implement\u00e1cia nov\u00e9ho programu OVP \u201cArboristika pre z\u00e1hradk\u00e1rov\u201d v u\u017e existuj\u00facom form\u00e1lnom programe OVP v \u0161kol\u00e1ch, rozvoj vzdel\u00e1vacej platformy, fyzick\u00e9ho a virtu\u00e1lneho dendrologick\u00e9ho laborat\u00f3ria, propag\u00e1cia [&hellip;]<\/p>\n","protected":false},"author":1,"featured_media":0,"parent":0,"menu_order":0,"comment_status":"closed","ping_status":"closed","template":"elementor_header_footer","meta":{"footnotes":""},"class_list":["post-1119","page","type-page","status-publish","hentry"],"yoast_head":"<!-- This site is optimized with the Yoast SEO plugin v24.0 - https:\/\/yoast.com\/wordpress\/plugins\/seo\/ -->\n<title>Bulletiny - ARBORTECH<\/title>\n<meta name=\"robots\" content=\"index, follow, max-snippet:-1, max-image-preview:large, max-video-preview:-1\" \/>\n<link rel=\"canonical\" href=\"https:\/\/arbortech-erasmus.eu\/sk\/bulletiny\" \/>\n<meta property=\"og:locale\" content=\"sk_SK\" \/>\n<meta property=\"og:type\" content=\"article\" \/>\n<meta property=\"og:title\" content=\"Bulletiny - ARBORTECH\" \/>\n<meta property=\"og:description\" content=\"ArborTech Bulletiny Janu\u00e1r 2022 Cie\u013eom projektu ArborTech Erasmus+ je poskytn\u00fa\u0165 profesion\u00e1lny pr\u00edstup k modern\u00fdm po\u017eiadavk\u00e1m mestskej zelenej infra\u0161trukt\u00fary prostredn\u00edctvom odborn\u00e9ho vzdel\u00e1vania a pr\u00edpravy (EQF level 4) pre \u0161tudentov OVP. V\u00fdvoj a implement\u00e1cia nov\u00e9ho programu OVP \u201cArboristika pre z\u00e1hradk\u00e1rov\u201d v u\u017e existuj\u00facom form\u00e1lnom programe OVP v \u0161kol\u00e1ch, rozvoj vzdel\u00e1vacej platformy, fyzick\u00e9ho a virtu\u00e1lneho dendrologick\u00e9ho laborat\u00f3ria, propag\u00e1cia [&hellip;]\" \/>\n<meta property=\"og:url\" content=\"https:\/\/arbortech-erasmus.eu\/sk\/bulletiny\" \/>\n<meta property=\"og:site_name\" content=\"ARBORTECH\" \/>\n<meta property=\"article:modified_time\" content=\"2024-10-10T08:37:13+00:00\" \/>\n<meta name=\"twitter:card\" content=\"summary_large_image\" \/>\n<meta name=\"twitter:label1\" content=\"Predpokladan\u00fd \u010das \u010d\u00edtania\" \/>\n\t<meta name=\"twitter:data1\" content=\"2 min\u00faty\" \/>\n<script type=\"application\/ld+json\" class=\"yoast-schema-graph\">{\"@context\":\"https:\/\/schema.org\",\"@graph\":[{\"@type\":\"WebPage\",\"@id\":\"https:\/\/arbortech-erasmus.eu\/sk\/bulletiny\",\"url\":\"https:\/\/arbortech-erasmus.eu\/sk\/bulletiny\",\"name\":\"Bulletiny - ARBORTECH\",\"isPartOf\":{\"@id\":\"https:\/\/arbortech-erasmus.eu\/#website\"},\"datePublished\":\"2024-05-21T08:41:07+00:00\",\"dateModified\":\"2024-10-10T08:37:13+00:00\",\"breadcrumb\":{\"@id\":\"https:\/\/arbortech-erasmus.eu\/sk\/bulletiny#breadcrumb\"},\"inLanguage\":\"sk-SK\",\"potentialAction\":[{\"@type\":\"ReadAction\",\"target\":[\"https:\/\/arbortech-erasmus.eu\/sk\/bulletiny\"]}]},{\"@type\":\"BreadcrumbList\",\"@id\":\"https:\/\/arbortech-erasmus.eu\/sk\/bulletiny#breadcrumb\",\"itemListElement\":[{\"@type\":\"ListItem\",\"position\":1,\"name\":\"Home\",\"item\":\"https:\/\/arbortech-erasmus.eu\/\"},{\"@type\":\"ListItem\",\"position\":2,\"name\":\"Bulletiny\"}]},{\"@type\":\"WebSite\",\"@id\":\"https:\/\/arbortech-erasmus.eu\/#website\",\"url\":\"https:\/\/arbortech-erasmus.eu\/\",\"name\":\"ARBORTECH\",\"description\":\"\",\"publisher\":{\"@id\":\"https:\/\/arbortech-erasmus.eu\/#organization\"},\"potentialAction\":[{\"@type\":\"SearchAction\",\"target\":{\"@type\":\"EntryPoint\",\"urlTemplate\":\"https:\/\/arbortech-erasmus.eu\/?s={search_term_string}\"},\"query-input\":{\"@type\":\"PropertyValueSpecification\",\"valueRequired\":true,\"valueName\":\"search_term_string\"}}],\"inLanguage\":\"sk-SK\"},{\"@type\":\"Organization\",\"@id\":\"https:\/\/arbortech-erasmus.eu\/#organization\",\"name\":\"ARBORTECH\",\"url\":\"https:\/\/arbortech-erasmus.eu\/\",\"logo\":{\"@type\":\"ImageObject\",\"inLanguage\":\"sk-SK\",\"@id\":\"https:\/\/arbortech-erasmus.eu\/#\/schema\/logo\/image\/\",\"url\":\"https:\/\/arbortech-erasmus.eu\/wp-content\/uploads\/2022\/04\/cropped-Arbortech_horizontal_logo_landscape-e1661169087282.png\",\"contentUrl\":\"https:\/\/arbortech-erasmus.eu\/wp-content\/uploads\/2022\/04\/cropped-Arbortech_horizontal_logo_landscape-e1661169087282.png\",\"width\":1273,\"height\":328,\"caption\":\"ARBORTECH\"},\"image\":{\"@id\":\"https:\/\/arbortech-erasmus.eu\/#\/schema\/logo\/image\/\"}}]}<\/script>\n<!-- \/ Yoast SEO plugin. -->","yoast_head_json":{"title":"Bulletiny - ARBORTECH","robots":{"index":"index","follow":"follow","max-snippet":"max-snippet:-1","max-image-preview":"max-image-preview:large","max-video-preview":"max-video-preview:-1"},"canonical":"https:\/\/arbortech-erasmus.eu\/sk\/bulletiny","og_locale":"sk_SK","og_type":"article","og_title":"Bulletiny - ARBORTECH","og_description":"ArborTech Bulletiny Janu\u00e1r 2022 Cie\u013eom projektu ArborTech Erasmus+ je poskytn\u00fa\u0165 profesion\u00e1lny pr\u00edstup k modern\u00fdm po\u017eiadavk\u00e1m mestskej zelenej infra\u0161trukt\u00fary prostredn\u00edctvom odborn\u00e9ho vzdel\u00e1vania a pr\u00edpravy (EQF level 4) pre \u0161tudentov OVP. V\u00fdvoj a implement\u00e1cia nov\u00e9ho programu OVP \u201cArboristika pre z\u00e1hradk\u00e1rov\u201d v u\u017e existuj\u00facom form\u00e1lnom programe OVP v \u0161kol\u00e1ch, rozvoj vzdel\u00e1vacej platformy, fyzick\u00e9ho a virtu\u00e1lneho dendrologick\u00e9ho laborat\u00f3ria, propag\u00e1cia [&hellip;]","og_url":"https:\/\/arbortech-erasmus.eu\/sk\/bulletiny","og_site_name":"ARBORTECH","article_modified_time":"2024-10-10T08:37:13+00:00","twitter_card":"summary_large_image","twitter_misc":{"Predpokladan\u00fd \u010das \u010d\u00edtania":"2 min\u00faty"},"schema":{"@context":"https:\/\/schema.org","@graph":[{"@type":"WebPage","@id":"https:\/\/arbortech-erasmus.eu\/sk\/bulletiny","url":"https:\/\/arbortech-erasmus.eu\/sk\/bulletiny","name":"Bulletiny - ARBORTECH","isPartOf":{"@id":"https:\/\/arbortech-erasmus.eu\/#website"},"datePublished":"2024-05-21T08:41:07+00:00","dateModified":"2024-10-10T08:37:13+00:00","breadcrumb":{"@id":"https:\/\/arbortech-erasmus.eu\/sk\/bulletiny#breadcrumb"},"inLanguage":"sk-SK","potentialAction":[{"@type":"ReadAction","target":["https:\/\/arbortech-erasmus.eu\/sk\/bulletiny"]}]},{"@type":"BreadcrumbList","@id":"https:\/\/arbortech-erasmus.eu\/sk\/bulletiny#breadcrumb","itemListElement":[{"@type":"ListItem","position":1,"name":"Home","item":"https:\/\/arbortech-erasmus.eu\/"},{"@type":"ListItem","position":2,"name":"Bulletiny"}]},{"@type":"WebSite","@id":"https:\/\/arbortech-erasmus.eu\/#website","url":"https:\/\/arbortech-erasmus.eu\/","name":"ARBORTECH","description":"","publisher":{"@id":"https:\/\/arbortech-erasmus.eu\/#organization"},"potentialAction":[{"@type":"SearchAction","target":{"@type":"EntryPoint","urlTemplate":"https:\/\/arbortech-erasmus.eu\/?s={search_term_string}"},"query-input":{"@type":"PropertyValueSpecification","valueRequired":true,"valueName":"search_term_string"}}],"inLanguage":"sk-SK"},{"@type":"Organization","@id":"https:\/\/arbortech-erasmus.eu\/#organization","name":"ARBORTECH","url":"https:\/\/arbortech-erasmus.eu\/","logo":{"@type":"ImageObject","inLanguage":"sk-SK","@id":"https:\/\/arbortech-erasmus.eu\/#\/schema\/logo\/image\/","url":"https:\/\/arbortech-erasmus.eu\/wp-content\/uploads\/2022\/04\/cropped-Arbortech_horizontal_logo_landscape-e1661169087282.png","contentUrl":"https:\/\/arbortech-erasmus.eu\/wp-content\/uploads\/2022\/04\/cropped-Arbortech_horizontal_logo_landscape-e1661169087282.png","width":1273,"height":328,"caption":"ARBORTECH"},"image":{"@id":"https:\/\/arbortech-erasmus.eu\/#\/schema\/logo\/image\/"}}]}},"_links":{"self":[{"href":"https:\/\/arbortech-erasmus.eu\/sk\/wp-json\/wp\/v2\/pages\/1119","targetHints":{"allow":["GET"]}}],"collection":[{"href":"https:\/\/arbortech-erasmus.eu\/sk\/wp-json\/wp\/v2\/pages"}],"about":[{"href":"https:\/\/arbortech-erasmus.eu\/sk\/wp-json\/wp\/v2\/types\/page"}],"author":[{"embeddable":true,"href":"https:\/\/arbortech-erasmus.eu\/sk\/wp-json\/wp\/v2\/users\/1"}],"replies":[{"embeddable":true,"href":"https:\/\/arbortech-erasmus.eu\/sk\/wp-json\/wp\/v2\/comments?post=1119"}],"version-history":[{"count":4,"href":"https:\/\/arbortech-erasmus.eu\/sk\/wp-json\/wp\/v2\/pages\/1119\/revisions"}],"predecessor-version":[{"id":1244,"href":"https:\/\/arbortech-erasmus.eu\/sk\/wp-json\/wp\/v2\/pages\/1119\/revisions\/1244"}],"wp:attachment":[{"href":"https:\/\/arbortech-erasmus.eu\/sk\/wp-json\/wp\/v2\/media?parent=1119"}],"curies":[{"name":"wp","href":"https:\/\/api.w.org\/{rel}","templated":true}]}}