{"id":1115,"date":"2024-05-21T08:41:07","date_gmt":"2024-05-21T08:41:07","guid":{"rendered":"https:\/\/arbortech-erasmus.eu\/bilteni"},"modified":"2024-10-10T08:39:44","modified_gmt":"2024-10-10T08:39:44","slug":"bilteni","status":"publish","type":"page","link":"https:\/\/arbortech-erasmus.eu\/hr\/bilteni","title":{"rendered":"Bilteni"},"content":{"rendered":"\t\t<div data-elementor-type=\"wp-page\" data-elementor-id=\"1115\" class=\"elementor elementor-1115 elementor-1092\" data-elementor-post-type=\"page\">\n\t\t\t\t<div data-dce-background-color=\"#F2EED3\" data-dce-background-overlay-color=\"#F2EED3\" data-dce-background-image-url=\"https:\/\/arbortech-erasmus.eu\/wp-content\/uploads\/2024\/05\/pexels-johannes-plenio-1423600-scaled-1.jpg\" class=\"elementor-element elementor-element-7e2f7b1 e-flex e-con-boxed e-con e-parent\" data-id=\"7e2f7b1\" data-element_type=\"container\" data-settings=\"{&quot;background_background&quot;:&quot;classic&quot;,&quot;shape_divider_bottom&quot;:&quot;mountains&quot;}\">\n\t\t\t\t\t<div class=\"e-con-inner\">\n\t\t\t\t<div class=\"elementor-shape elementor-shape-bottom\" data-negative=\"false\">\n\t\t\t<svg xmlns=\"http:\/\/www.w3.org\/2000\/svg\" viewBox=\"0 0 1000 100\" preserveAspectRatio=\"none\">\n\t<path class=\"elementor-shape-fill\" opacity=\"0.33\" d=\"M473,67.3c-203.9,88.3-263.1-34-320.3,0C66,119.1,0,59.7,0,59.7V0h1000v59.7 c0,0-62.1,26.1-94.9,29.3c-32.8,3.3-62.8-12.3-75.8-22.1C806,49.6,745.3,8.7,694.9,4.7S492.4,59,473,67.3z\"\/>\n\t<path class=\"elementor-shape-fill\" opacity=\"0.66\" d=\"M734,67.3c-45.5,0-77.2-23.2-129.1-39.1c-28.6-8.7-150.3-10.1-254,39.1 s-91.7-34.4-149.2,0C115.7,118.3,0,39.8,0,39.8V0h1000v36.5c0,0-28.2-18.5-92.1-18.5C810.2,18.1,775.7,67.3,734,67.3z\"\/>\n\t<path class=\"elementor-shape-fill\" d=\"M766.1,28.9c-200-57.5-266,65.5-395.1,19.5C242,1.8,242,5.4,184.8,20.6C128,35.8,132.3,44.9,89.9,52.5C28.6,63.7,0,0,0,0 h1000c0,0-9.9,40.9-83.6,48.1S829.6,47,766.1,28.9z\"\/>\n<\/svg>\t\t<\/div>\n\t\t\t\t<div class=\"elementor-element elementor-element-8441718 elementor-widget__width-initial elementor-widget elementor-widget-heading\" data-id=\"8441718\" data-element_type=\"widget\" data-widget_type=\"heading.default\">\n\t\t\t\t<div class=\"elementor-widget-container\">\n\t\t\t<h2 class=\"elementor-heading-title elementor-size-default\">ArborTech <span>Bilteni<\/span><\/h2>\t\t<\/div>\n\t\t\t\t<\/div>\n\t\t\t\t\t<\/div>\n\t\t\t\t<\/div>\n\t\t<div data-dce-background-color=\"#F2EED3\" class=\"elementor-element elementor-element-07ec09b e-flex e-con-boxed e-con e-parent\" data-id=\"07ec09b\" data-element_type=\"container\" data-settings=\"{&quot;background_background&quot;:&quot;classic&quot;}\">\n\t\t\t\t\t<div class=\"e-con-inner\">\n\t\t<div class=\"elementor-element elementor-element-182cd2a e-con-full e-flex e-con e-child\" data-id=\"182cd2a\" data-element_type=\"container\" data-settings=\"{&quot;background_background&quot;:&quot;classic&quot;}\">\n\t\t\t\t<div class=\"elementor-element elementor-element-4c3dcad elementor-widget elementor-widget-heading\" data-id=\"4c3dcad\" data-element_type=\"widget\" data-widget_type=\"heading.default\">\n\t\t\t\t<div class=\"elementor-widget-container\">\n\t\t\t<h3 class=\"elementor-heading-title elementor-size-default\">Sije\u010danj 2022<\/h3>\t\t<\/div>\n\t\t\t\t<\/div>\n\t\t\t\t<div class=\"elementor-element elementor-element-c37cb92 elementor-widget elementor-widget-text-editor\" data-id=\"c37cb92\" data-element_type=\"widget\" data-widget_type=\"text-editor.default\">\n\t\t\t\t<div class=\"elementor-widget-container\">\n\t\t\t\t\t\t\t<p>Cilj projekta ArborTech Erasmus+ je pru\u017eiti profesionalni pristup suvremenim zahtjevima urbane zelene infrastrukture kroz strukovno obrazovanje i osposobljavanje (EQF razina 4) za u\u010denike strukovnih \u0161kola. Razvoj i implementacija novog strukovnog programa \u201cArborikultura za vrtlare\u201d. u ve\u0107 postoje\u0107i formalni strukovni program u \u0161kolskim centrima, razvoj obrazovne platforme i fizi\u010dkog i virtualnog dendrolo\u0161kog laboratorija, promocija arborikulture i njene va\u017enosti. <\/p>\n\t\t\t\t\t\t<\/div>\n\t\t\t\t<\/div>\n\t\t\t\t<div class=\"elementor-element elementor-element-d71a10b elementor-align-center elementor-widget elementor-widget-button\" data-id=\"d71a10b\" data-element_type=\"widget\" data-widget_type=\"button.default\">\n\t\t\t\t<div class=\"elementor-widget-container\">\n\t\t\t\t\t\t\t<div class=\"elementor-button-wrapper\">\n\t\t\t\t\t<a class=\"elementor-button elementor-button-link elementor-size-sm\" href=\"https:\/\/arbortech-erasmus.eu\/hr\/en_arbortech_newsletter1_january-2024\" target=\"_blank\">\n\t\t\t\t\t\t<span class=\"elementor-button-content-wrapper\">\n\t\t\t\t\t\t<span class=\"elementor-button-icon\">\n\t\t\t\t<i aria-hidden=\"true\" class=\"fas fa-file-download\"><\/i>\t\t\t<\/span>\n\t\t\t\t\t\t\t\t\t<span class=\"elementor-button-text\">Preuzmite PDF<\/span>\n\t\t\t\t\t<\/span>\n\t\t\t\t\t<\/a>\n\t\t\t\t<\/div>\n\t\t\t\t\t\t<\/div>\n\t\t\t\t<\/div>\n\t\t\t\t<\/div>\n\t\t<div class=\"elementor-element elementor-element-800a23c e-con-full e-flex e-con e-child\" data-id=\"800a23c\" data-element_type=\"container\" data-settings=\"{&quot;background_background&quot;:&quot;classic&quot;}\">\n\t\t\t\t<div class=\"elementor-element elementor-element-4897ed9 elementor-widget elementor-widget-heading\" data-id=\"4897ed9\" data-element_type=\"widget\" data-widget_type=\"heading.default\">\n\t\t\t\t<div class=\"elementor-widget-container\">\n\t\t\t<h3 class=\"elementor-heading-title elementor-size-default\">Studeni 2022<\/h3>\t\t<\/div>\n\t\t\t\t<\/div>\n\t\t\t\t<div class=\"elementor-element elementor-element-665dcf4 elementor-widget elementor-widget-text-editor\" data-id=\"665dcf4\" data-element_type=\"widget\" data-widget_type=\"text-editor.default\">\n\t\t\t\t<div class=\"elementor-widget-container\">\n\t\t\t\t\t\t\t<p>Prema podacima Eurostata i OECD-a, 72% populacije EU-a \u017eivi u urbanim podru\u010djima. Rezultati ukazuju na kontinuirani rast gradova i gusto\u0107e naseljenosti, kao i na urbanu transformaciju, posebno u zemljama EU-a, kao rezultat komercijalizacije i zgu\u0161njavanja urbanih podru\u010dja te \u0161irenja izgra\u0111enih podru\u010dja koja zauzimaju zelene povr\u0161ine, \u0161to dovodi do odvajanja ljudi od prirode. <\/p>\n\t\t\t\t\t\t<\/div>\n\t\t\t\t<\/div>\n\t\t\t\t<div class=\"elementor-element elementor-element-70f8e71 elementor-align-center elementor-widget elementor-widget-button\" data-id=\"70f8e71\" data-element_type=\"widget\" data-widget_type=\"button.default\">\n\t\t\t\t<div class=\"elementor-widget-container\">\n\t\t\t\t\t\t\t<div class=\"elementor-button-wrapper\">\n\t\t\t\t\t<a class=\"elementor-button elementor-button-link elementor-size-sm\" href=\"https:\/\/arbortech-erasmus.eu\/hr\/en_arbortech_newsletter2_november-2022\" target=\"_blank\">\n\t\t\t\t\t\t<span class=\"elementor-button-content-wrapper\">\n\t\t\t\t\t\t<span class=\"elementor-button-icon\">\n\t\t\t\t<i aria-hidden=\"true\" class=\"fas fa-file-download\"><\/i>\t\t\t<\/span>\n\t\t\t\t\t\t\t\t\t<span class=\"elementor-button-text\">Preuzmite PDF<\/span>\n\t\t\t\t\t<\/span>\n\t\t\t\t\t<\/a>\n\t\t\t\t<\/div>\n\t\t\t\t\t\t<\/div>\n\t\t\t\t<\/div>\n\t\t\t\t<\/div>\n\t\t<div class=\"elementor-element elementor-element-12db422 e-con-full e-flex e-con e-child\" data-id=\"12db422\" data-element_type=\"container\" data-settings=\"{&quot;background_background&quot;:&quot;classic&quot;}\">\n\t\t\t\t<div class=\"elementor-element elementor-element-12196b1 elementor-widget elementor-widget-heading\" data-id=\"12196b1\" data-element_type=\"widget\" data-widget_type=\"heading.default\">\n\t\t\t\t<div class=\"elementor-widget-container\">\n\t\t\t<h3 class=\"elementor-heading-title elementor-size-default\">Studeni 2023<\/h3>\t\t<\/div>\n\t\t\t\t<\/div>\n\t\t\t\t<div class=\"elementor-element elementor-element-91b2892 elementor-widget elementor-widget-text-editor\" data-id=\"91b2892\" data-element_type=\"widget\" data-widget_type=\"text-editor.default\">\n\t\t\t\t<div class=\"elementor-widget-container\">\n\t\t\t\t\t\t\t<p>U studenom 2023. godine, odr\u017eana je obuka nastavnika u Arboretumu Vol\u010dji Potok u Sloveniji. U dana\u0161njem obrazovnom okru\u017eenju, u\u010dinkovita provedba strukovnog programa je od iznimne va\u017enosti. Program \u201cArborikultura za vrtlare\u201d se isti\u010de, jer se bavi ekolo\u0161kim pitanjima i potrebom za stru\u010dnim profesionalcima u upravljanju urbanim zelenim prostorima \u2212 arborikulturi.  <\/p>\n\t\t\t\t\t\t<\/div>\n\t\t\t\t<\/div>\n\t\t\t\t<div class=\"elementor-element elementor-element-f499a8e elementor-align-center elementor-widget elementor-widget-button\" data-id=\"f499a8e\" data-element_type=\"widget\" data-widget_type=\"button.default\">\n\t\t\t\t<div class=\"elementor-widget-container\">\n\t\t\t\t\t\t\t<div class=\"elementor-button-wrapper\">\n\t\t\t\t\t<a class=\"elementor-button elementor-button-link elementor-size-sm\" href=\"https:\/\/arbortech-erasmus.eu\/hr\/en_arbortech_newsletter3_november-2023\" target=\"_blank\">\n\t\t\t\t\t\t<span class=\"elementor-button-content-wrapper\">\n\t\t\t\t\t\t<span class=\"elementor-button-icon\">\n\t\t\t\t<i aria-hidden=\"true\" class=\"fas fa-file-download\"><\/i>\t\t\t<\/span>\n\t\t\t\t\t\t\t\t\t<span class=\"elementor-button-text\">Preuzmite PDF<\/span>\n\t\t\t\t\t<\/span>\n\t\t\t\t\t<\/a>\n\t\t\t\t<\/div>\n\t\t\t\t\t\t<\/div>\n\t\t\t\t<\/div>\n\t\t\t\t<\/div>\n\t\t<div class=\"elementor-element elementor-element-a2d933f e-con-full e-flex e-con e-child\" data-id=\"a2d933f\" data-element_type=\"container\" data-settings=\"{&quot;background_background&quot;:&quot;classic&quot;}\">\n\t\t\t\t<div class=\"elementor-element elementor-element-124b40a elementor-widget elementor-widget-heading\" data-id=\"124b40a\" data-element_type=\"widget\" data-widget_type=\"heading.default\">\n\t\t\t\t<div class=\"elementor-widget-container\">\n\t\t\t<h3 class=\"elementor-heading-title elementor-size-default\">Lipnja 2024<\/h3>\t\t<\/div>\n\t\t\t\t<\/div>\n\t\t\t\t<div class=\"elementor-element elementor-element-0692f76 elementor-widget elementor-widget-text-editor\" data-id=\"0692f76\" data-element_type=\"widget\" data-widget_type=\"text-editor.default\">\n\t\t\t\t<div class=\"elementor-widget-container\">\n\t\t\t\t\t\t\t<p>Prvi korak u arborikulturi je prepoznavanje razli\u010ditih vrsta drve\u0107e i drugih ukrasnih drvenastih biljaka. \u017delimo da na\u0161i u\u010denici i drugi sudionici obrazovanja imaju mogu\u0107nost vidjeti i dodirnuti konkretne primjerke i dijelove drvenastih biljaka, kao \u0161to su grane, kora, sjemenke, plodovi, \u010de\u0161eri i sl., kako bi mogli osjetiti miris smole \u010detinja\u010da i \u010duti zvuk pinjola pri protresanju, kao i brojanje jednogodi\u0161njeg prirasta debla. <\/p>\n\t\t\t\t\t\t<\/div>\n\t\t\t\t<\/div>\n\t\t\t\t<div class=\"elementor-element elementor-element-92c7030 elementor-align-center elementor-widget elementor-widget-button\" data-id=\"92c7030\" data-element_type=\"widget\" data-widget_type=\"button.default\">\n\t\t\t\t<div class=\"elementor-widget-container\">\n\t\t\t\t\t\t\t<div class=\"elementor-button-wrapper\">\n\t\t\t\t\t<a class=\"elementor-button elementor-button-link elementor-size-sm\" href=\"https:\/\/arbortech-erasmus.eu\/hr\/en_newsletter_arbortech_june_2024\" target=\"_blank\">\n\t\t\t\t\t\t<span class=\"elementor-button-content-wrapper\">\n\t\t\t\t\t\t<span class=\"elementor-button-icon\">\n\t\t\t\t<i aria-hidden=\"true\" class=\"fas fa-file-download\"><\/i>\t\t\t<\/span>\n\t\t\t\t\t\t\t\t\t<span class=\"elementor-button-text\">Preuzmite PDF<\/span>\n\t\t\t\t\t<\/span>\n\t\t\t\t\t<\/a>\n\t\t\t\t<\/div>\n\t\t\t\t\t\t<\/div>\n\t\t\t\t<\/div>\n\t\t\t\t<\/div>\n\t\t\t\t\t<\/div>\n\t\t\t\t<\/div>\n\t\t\t\t<\/div>\n\t\t","protected":false},"excerpt":{"rendered":"<p>ArborTech Bilteni Sije\u010danj 2022 Cilj projekta ArborTech Erasmus+ je pru\u017eiti profesionalni pristup suvremenim zahtjevima urbane zelene infrastrukture kroz strukovno obrazovanje i osposobljavanje (EQF razina 4) za u\u010denike strukovnih \u0161kola. Razvoj i implementacija novog strukovnog programa \u201cArborikultura za vrtlare\u201d. u ve\u0107 postoje\u0107i formalni strukovni program u \u0161kolskim centrima, razvoj obrazovne platforme i fizi\u010dkog i virtualnog dendrolo\u0161kog [&hellip;]<\/p>\n","protected":false},"author":1,"featured_media":0,"parent":0,"menu_order":0,"comment_status":"closed","ping_status":"closed","template":"elementor_header_footer","meta":{"footnotes":""},"class_list":["post-1115","page","type-page","status-publish","hentry"],"yoast_head":"<!-- This site is optimized with the Yoast SEO plugin v24.0 - https:\/\/yoast.com\/wordpress\/plugins\/seo\/ -->\n<title>Bilteni - ARBORTECH<\/title>\n<meta name=\"robots\" content=\"index, follow, max-snippet:-1, max-image-preview:large, max-video-preview:-1\" \/>\n<link rel=\"canonical\" href=\"https:\/\/arbortech-erasmus.eu\/hr\/bilteni\" \/>\n<meta property=\"og:locale\" content=\"hr_HR\" \/>\n<meta property=\"og:type\" content=\"article\" \/>\n<meta property=\"og:title\" content=\"Bilteni - ARBORTECH\" \/>\n<meta property=\"og:description\" content=\"ArborTech Bilteni Sije\u010danj 2022 Cilj projekta ArborTech Erasmus+ je pru\u017eiti profesionalni pristup suvremenim zahtjevima urbane zelene infrastrukture kroz strukovno obrazovanje i osposobljavanje (EQF razina 4) za u\u010denike strukovnih \u0161kola. Razvoj i implementacija novog strukovnog programa \u201cArborikultura za vrtlare\u201d. u ve\u0107 postoje\u0107i formalni strukovni program u \u0161kolskim centrima, razvoj obrazovne platforme i fizi\u010dkog i virtualnog dendrolo\u0161kog [&hellip;]\" \/>\n<meta property=\"og:url\" content=\"https:\/\/arbortech-erasmus.eu\/hr\/bilteni\" \/>\n<meta property=\"og:site_name\" content=\"ARBORTECH\" \/>\n<meta property=\"article:modified_time\" content=\"2024-10-10T08:39:44+00:00\" \/>\n<meta name=\"twitter:card\" content=\"summary_large_image\" \/>\n<meta name=\"twitter:label1\" content=\"Procijenjeno vrijeme \u010ditanja\" \/>\n\t<meta name=\"twitter:data1\" content=\"1 minuta\" \/>\n<script type=\"application\/ld+json\" class=\"yoast-schema-graph\">{\"@context\":\"https:\/\/schema.org\",\"@graph\":[{\"@type\":\"WebPage\",\"@id\":\"https:\/\/arbortech-erasmus.eu\/hr\/bilteni\",\"url\":\"https:\/\/arbortech-erasmus.eu\/hr\/bilteni\",\"name\":\"Bilteni - ARBORTECH\",\"isPartOf\":{\"@id\":\"https:\/\/arbortech-erasmus.eu\/#website\"},\"datePublished\":\"2024-05-21T08:41:07+00:00\",\"dateModified\":\"2024-10-10T08:39:44+00:00\",\"breadcrumb\":{\"@id\":\"https:\/\/arbortech-erasmus.eu\/hr\/bilteni#breadcrumb\"},\"inLanguage\":\"hr\",\"potentialAction\":[{\"@type\":\"ReadAction\",\"target\":[\"https:\/\/arbortech-erasmus.eu\/hr\/bilteni\"]}]},{\"@type\":\"BreadcrumbList\",\"@id\":\"https:\/\/arbortech-erasmus.eu\/hr\/bilteni#breadcrumb\",\"itemListElement\":[{\"@type\":\"ListItem\",\"position\":1,\"name\":\"Home\",\"item\":\"https:\/\/arbortech-erasmus.eu\/\"},{\"@type\":\"ListItem\",\"position\":2,\"name\":\"Bilteni\"}]},{\"@type\":\"WebSite\",\"@id\":\"https:\/\/arbortech-erasmus.eu\/#website\",\"url\":\"https:\/\/arbortech-erasmus.eu\/\",\"name\":\"ARBORTECH\",\"description\":\"\",\"publisher\":{\"@id\":\"https:\/\/arbortech-erasmus.eu\/#organization\"},\"potentialAction\":[{\"@type\":\"SearchAction\",\"target\":{\"@type\":\"EntryPoint\",\"urlTemplate\":\"https:\/\/arbortech-erasmus.eu\/?s={search_term_string}\"},\"query-input\":{\"@type\":\"PropertyValueSpecification\",\"valueRequired\":true,\"valueName\":\"search_term_string\"}}],\"inLanguage\":\"hr\"},{\"@type\":\"Organization\",\"@id\":\"https:\/\/arbortech-erasmus.eu\/#organization\",\"name\":\"ARBORTECH\",\"url\":\"https:\/\/arbortech-erasmus.eu\/\",\"logo\":{\"@type\":\"ImageObject\",\"inLanguage\":\"hr\",\"@id\":\"https:\/\/arbortech-erasmus.eu\/#\/schema\/logo\/image\/\",\"url\":\"https:\/\/arbortech-erasmus.eu\/wp-content\/uploads\/2022\/04\/cropped-Arbortech_horizontal_logo_landscape-e1661169087282.png\",\"contentUrl\":\"https:\/\/arbortech-erasmus.eu\/wp-content\/uploads\/2022\/04\/cropped-Arbortech_horizontal_logo_landscape-e1661169087282.png\",\"width\":1273,\"height\":328,\"caption\":\"ARBORTECH\"},\"image\":{\"@id\":\"https:\/\/arbortech-erasmus.eu\/#\/schema\/logo\/image\/\"}}]}<\/script>\n<!-- \/ Yoast SEO plugin. -->","yoast_head_json":{"title":"Bilteni - ARBORTECH","robots":{"index":"index","follow":"follow","max-snippet":"max-snippet:-1","max-image-preview":"max-image-preview:large","max-video-preview":"max-video-preview:-1"},"canonical":"https:\/\/arbortech-erasmus.eu\/hr\/bilteni","og_locale":"hr_HR","og_type":"article","og_title":"Bilteni - ARBORTECH","og_description":"ArborTech Bilteni Sije\u010danj 2022 Cilj projekta ArborTech Erasmus+ je pru\u017eiti profesionalni pristup suvremenim zahtjevima urbane zelene infrastrukture kroz strukovno obrazovanje i osposobljavanje (EQF razina 4) za u\u010denike strukovnih \u0161kola. Razvoj i implementacija novog strukovnog programa \u201cArborikultura za vrtlare\u201d. u ve\u0107 postoje\u0107i formalni strukovni program u \u0161kolskim centrima, razvoj obrazovne platforme i fizi\u010dkog i virtualnog dendrolo\u0161kog [&hellip;]","og_url":"https:\/\/arbortech-erasmus.eu\/hr\/bilteni","og_site_name":"ARBORTECH","article_modified_time":"2024-10-10T08:39:44+00:00","twitter_card":"summary_large_image","twitter_misc":{"Procijenjeno vrijeme \u010ditanja":"1 minuta"},"schema":{"@context":"https:\/\/schema.org","@graph":[{"@type":"WebPage","@id":"https:\/\/arbortech-erasmus.eu\/hr\/bilteni","url":"https:\/\/arbortech-erasmus.eu\/hr\/bilteni","name":"Bilteni - ARBORTECH","isPartOf":{"@id":"https:\/\/arbortech-erasmus.eu\/#website"},"datePublished":"2024-05-21T08:41:07+00:00","dateModified":"2024-10-10T08:39:44+00:00","breadcrumb":{"@id":"https:\/\/arbortech-erasmus.eu\/hr\/bilteni#breadcrumb"},"inLanguage":"hr","potentialAction":[{"@type":"ReadAction","target":["https:\/\/arbortech-erasmus.eu\/hr\/bilteni"]}]},{"@type":"BreadcrumbList","@id":"https:\/\/arbortech-erasmus.eu\/hr\/bilteni#breadcrumb","itemListElement":[{"@type":"ListItem","position":1,"name":"Home","item":"https:\/\/arbortech-erasmus.eu\/"},{"@type":"ListItem","position":2,"name":"Bilteni"}]},{"@type":"WebSite","@id":"https:\/\/arbortech-erasmus.eu\/#website","url":"https:\/\/arbortech-erasmus.eu\/","name":"ARBORTECH","description":"","publisher":{"@id":"https:\/\/arbortech-erasmus.eu\/#organization"},"potentialAction":[{"@type":"SearchAction","target":{"@type":"EntryPoint","urlTemplate":"https:\/\/arbortech-erasmus.eu\/?s={search_term_string}"},"query-input":{"@type":"PropertyValueSpecification","valueRequired":true,"valueName":"search_term_string"}}],"inLanguage":"hr"},{"@type":"Organization","@id":"https:\/\/arbortech-erasmus.eu\/#organization","name":"ARBORTECH","url":"https:\/\/arbortech-erasmus.eu\/","logo":{"@type":"ImageObject","inLanguage":"hr","@id":"https:\/\/arbortech-erasmus.eu\/#\/schema\/logo\/image\/","url":"https:\/\/arbortech-erasmus.eu\/wp-content\/uploads\/2022\/04\/cropped-Arbortech_horizontal_logo_landscape-e1661169087282.png","contentUrl":"https:\/\/arbortech-erasmus.eu\/wp-content\/uploads\/2022\/04\/cropped-Arbortech_horizontal_logo_landscape-e1661169087282.png","width":1273,"height":328,"caption":"ARBORTECH"},"image":{"@id":"https:\/\/arbortech-erasmus.eu\/#\/schema\/logo\/image\/"}}]}},"_links":{"self":[{"href":"https:\/\/arbortech-erasmus.eu\/hr\/wp-json\/wp\/v2\/pages\/1115","targetHints":{"allow":["GET"]}}],"collection":[{"href":"https:\/\/arbortech-erasmus.eu\/hr\/wp-json\/wp\/v2\/pages"}],"about":[{"href":"https:\/\/arbortech-erasmus.eu\/hr\/wp-json\/wp\/v2\/types\/page"}],"author":[{"embeddable":true,"href":"https:\/\/arbortech-erasmus.eu\/hr\/wp-json\/wp\/v2\/users\/1"}],"replies":[{"embeddable":true,"href":"https:\/\/arbortech-erasmus.eu\/hr\/wp-json\/wp\/v2\/comments?post=1115"}],"version-history":[{"count":7,"href":"https:\/\/arbortech-erasmus.eu\/hr\/wp-json\/wp\/v2\/pages\/1115\/revisions"}],"predecessor-version":[{"id":1245,"href":"https:\/\/arbortech-erasmus.eu\/hr\/wp-json\/wp\/v2\/pages\/1115\/revisions\/1245"}],"wp:attachment":[{"href":"https:\/\/arbortech-erasmus.eu\/hr\/wp-json\/wp\/v2\/media?parent=1115"}],"curies":[{"name":"wp","href":"https:\/\/api.w.org\/{rel}","templated":true}]}}